{"id":3685,"date":"2026-05-13T08:07:42","date_gmt":"2026-05-13T06:07:42","guid":{"rendered":"https:\/\/www.quadernidipedagogia.it\/?page_id=3685"},"modified":"2026-05-13T08:07:42","modified_gmt":"2026-05-13T06:07:42","slug":"il-servizio-di-educativa-domiciliare-e-territoriale-come-attraversamento-di-soglie-visibili-e-invisibili-con-le-famiglie","status":"publish","type":"page","link":"https:\/\/www.quadernidipedagogia.it\/en\/il-servizio-di-educativa-domiciliare-e-territoriale-come-attraversamento-di-soglie-visibili-e-invisibili-con-le-famiglie\/","title":{"rendered":"Il servizio di educativa domiciliare e territoriale come attraversamento di soglie visibili e invisibili con le famiglie"},"content":{"rendered":"<p><strong>Autore<\/strong><br>Arianna Bertolin<\/p>\n\n\n\n<p><strong>Titolo (ITA)<\/strong><br><em>Il servizio di educativa domiciliare e territoriale come attraversamento di soglie visibili e invisibili con le famiglie<\/em><\/p>\n\n\n\n<p><strong>Title (ENG)<\/strong><br><em>Home and Community Educational Services as a Crossing of Visible and Invisible Thresholds with Families<\/em><\/p>\n\n\n\n<p><a href=\"https:\/\/www.quadernidipedagogia.it\/wp-content\/uploads\/2026\/05\/SGUARDI06.pdf\" type=\"link\" id=\"https:\/\/www.quadernidipedagogia.it\/wp-content\/uploads\/2026\/05\/SGUARDI06.pdf\">Download<\/a><\/p>\n\n\n\n<p><strong>Sintesi<\/strong><br>Il contributo approfondisce il significato pedagogico dell\u2019educativa domiciliare e territoriale attraverso una riflessione teorica ed esperienziale sul lavoro educativo con le famiglie vulnerabili. L\u2019autrice descrive il passaggio dell\u2019educatore dalla posizione di \u201cpadrone di casa\u201d a quella di \u201cstraniero\u201d, evidenziando la complessit\u00e0 relazionale, culturale ed emotiva dell\u2019ingresso negli spazi di vita familiari. Attraverso il racconto di esperienze professionali, il testo analizza il valore delle soglie simboliche e concrete, della costruzione della fiducia, dell\u2019ascolto, della corporeit\u00e0 e della relazione educativa come strumenti fondamentali dell\u2019intervento domiciliare. Particolare attenzione viene dedicata al programma P.I.P.P.I. e alla necessit\u00e0 di un approccio sistemico, multidisciplinare e territoriale capace di sostenere la genitorialit\u00e0, prevenire l\u2019istituzionalizzazione e valorizzare le reti comunitarie e familiari.<\/p>\n\n\n\n<p><strong>Parole chiave<\/strong><br>Educativa domiciliare; Famiglie vulnerabili; Relazione educativa; Pedagogia territoriale; P.I.P.P.I.; Comunit\u00e0 educante; Genitorialit\u00e0; Lavoro di rete; Pedagogia sociale; Vulnerabilit\u00e0 familiare.<\/p>\n\n\n\n<p><strong>Abstract (ENG)<\/strong><br>The contribution explores the pedagogical meaning of home and community educational services through a theoretical and experiential reflection on educational work with vulnerable families. The author describes the educator\u2019s transition from the position of \u201chost\u201d to that of \u201cstranger,\u201d highlighting the relational, cultural, and emotional complexity involved in entering family living spaces. Through the narration of professional experiences, the text analyzes the value of symbolic and concrete thresholds, trust-building, listening, embodiment, and the educational relationship as fundamental tools of home-based intervention. Particular attention is devoted to the P.I.P.P.I. program and to the need for a systemic, multidisciplinary, and community-based approach capable of supporting parenting, preventing institutionalization, and enhancing family and community networks.<\/p>\n\n\n\n<p><strong>Keywords<\/strong><br>Home educational services; Vulnerable families; Educational relationship; Community pedagogy; P.I.P.P.I.; Educational community; Parenting; Networking; Social pedagogy; Family vulnerability.<\/p>\n<div class=\"sharing-default-minimal post-bottom\"><div class=\"nectar-social default\" data-position=\"\" data-rm-love=\"0\" data-color-override=\"override\"><div class=\"nectar-social-inner\"><a href=\"#\" class=\"nectar-love\" id=\"nectar-love-3685\" title=\"Love this\"> <i class=\"icon-salient-heart-2\"><\/i><span class=\"love-text\">Love<\/span><span class=\"total_loves\"><span class=\"nectar-love-count\">0<\/span><\/span><\/a><a class='facebook-share nectar-sharing' href='#' title='Share this'> <i class='fa fa-facebook'><\/i> <span class='social-text'>Share<\/span> <\/a><a class='twitter-share nectar-sharing' href='#' title='Share this'> <i class='fa icon-salient-x-twitter'><\/i> <span class='social-text'>Share<\/span> <\/a><a class='linkedin-share nectar-sharing' href='#' title='Share this'> <i class='fa fa-linkedin'><\/i> <span class='social-text'>Share<\/span> <\/a><a class='pinterest-share nectar-sharing' href='#' title='Pin this'> <i class='fa fa-pinterest'><\/i> <span class='social-text'>Pin<\/span> <\/a><\/div><\/div><\/div>","protected":false},"excerpt":{"rendered":"<p>AutoreArianna Bertolin Titolo (ITA)Il servizio di educativa domiciliare e territoriale come attraversamento di soglie visibili e invisibili con le famiglie Title (ENG)Home and Community Educational Services as a Crossing of Visible and Invisible Thresholds with Families Download SintesiIl contributo approfondisce il significato pedagogico dell\u2019educativa domiciliare e territoriale attraverso una riflessione teorica ed esperienziale sul lavoro [&hellip;]<\/p>\n","protected":false},"author":1,"featured_media":0,"parent":0,"menu_order":0,"comment_status":"closed","ping_status":"closed","template":"","meta":{"footnotes":""},"class_list":["post-3685","page","type-page","status-publish","hentry"],"yoast_head":"<!-- This site is optimized with the Yoast SEO plugin v27.5 - https:\/\/yoast.com\/product\/yoast-seo-wordpress\/ -->\n<title>Il servizio di educativa domiciliare e territoriale come attraversamento di soglie visibili e invisibili con le famiglie - Quaderni di pedagogia e pratiche educative<\/title>\n<meta name=\"robots\" content=\"index, follow, max-snippet:-1, max-image-preview:large, max-video-preview:-1\" \/>\n<link rel=\"canonical\" href=\"https:\/\/www.quadernidipedagogia.it\/en\/il-servizio-di-educativa-domiciliare-e-territoriale-come-attraversamento-di-soglie-visibili-e-invisibili-con-le-famiglie\/\" \/>\n<meta property=\"og:locale\" content=\"en_GB\" \/>\n<meta property=\"og:type\" content=\"article\" \/>\n<meta property=\"og:title\" content=\"Il servizio di educativa domiciliare e territoriale come attraversamento di soglie visibili e invisibili con le famiglie - Quaderni di pedagogia e pratiche educative\" \/>\n<meta property=\"og:description\" content=\"AutoreArianna Bertolin Titolo (ITA)Il servizio di educativa domiciliare e territoriale come attraversamento di soglie visibili e invisibili con le famiglie Title (ENG)Home and Community Educational Services as a Crossing of Visible and Invisible Thresholds with Families Download SintesiIl contributo approfondisce il significato pedagogico dell\u2019educativa domiciliare e territoriale attraverso una riflessione teorica ed esperienziale sul lavoro [&hellip;]\" \/>\n<meta property=\"og:url\" content=\"https:\/\/www.quadernidipedagogia.it\/en\/il-servizio-di-educativa-domiciliare-e-territoriale-come-attraversamento-di-soglie-visibili-e-invisibili-con-le-famiglie\/\" \/>\n<meta property=\"og:site_name\" content=\"Quaderni di pedagogia e pratiche educative\" \/>\n<meta property=\"article:publisher\" content=\"https:\/\/www.facebook.com\/OfficialPageAPEI\/\" \/>\n<meta name=\"twitter:card\" content=\"summary_large_image\" \/>\n<meta name=\"twitter:label1\" content=\"Estimated reading time\" \/>\n\t<meta name=\"twitter:data1\" content=\"2 minutes\" \/>\n<!-- \/ Yoast SEO plugin. -->","yoast_head_json":{"title":"Il servizio di educativa domiciliare e territoriale come attraversamento di soglie visibili e invisibili con le famiglie - Quaderni di pedagogia e pratiche educative","robots":{"index":"index","follow":"follow","max-snippet":"max-snippet:-1","max-image-preview":"max-image-preview:large","max-video-preview":"max-video-preview:-1"},"canonical":"https:\/\/www.quadernidipedagogia.it\/en\/il-servizio-di-educativa-domiciliare-e-territoriale-come-attraversamento-di-soglie-visibili-e-invisibili-con-le-famiglie\/","og_locale":"en_GB","og_type":"article","og_title":"Il servizio di educativa domiciliare e territoriale come attraversamento di soglie visibili e invisibili con le famiglie - Quaderni di pedagogia e pratiche educative","og_description":"AutoreArianna Bertolin Titolo (ITA)Il servizio di educativa domiciliare e territoriale come attraversamento di soglie visibili e invisibili con le famiglie Title (ENG)Home and Community Educational Services as a Crossing of Visible and Invisible Thresholds with Families Download SintesiIl contributo approfondisce il significato pedagogico dell\u2019educativa domiciliare e territoriale attraverso una riflessione teorica ed esperienziale sul lavoro [&hellip;]","og_url":"https:\/\/www.quadernidipedagogia.it\/en\/il-servizio-di-educativa-domiciliare-e-territoriale-come-attraversamento-di-soglie-visibili-e-invisibili-con-le-famiglie\/","og_site_name":"Quaderni di pedagogia e pratiche educative","article_publisher":"https:\/\/www.facebook.com\/OfficialPageAPEI\/","twitter_card":"summary_large_image","twitter_misc":{"Estimated reading time":"2 minutes"},"schema":{"@context":"https:\/\/schema.org","@graph":[{"@type":"WebPage","@id":"https:\/\/www.quadernidipedagogia.it\/il-servizio-di-educativa-domiciliare-e-territoriale-come-attraversamento-di-soglie-visibili-e-invisibili-con-le-famiglie\/","url":"https:\/\/www.quadernidipedagogia.it\/il-servizio-di-educativa-domiciliare-e-territoriale-come-attraversamento-di-soglie-visibili-e-invisibili-con-le-famiglie\/","name":"Il servizio di educativa domiciliare e territoriale come attraversamento di soglie visibili e invisibili con le famiglie - Quaderni di pedagogia e pratiche educative","isPartOf":{"@id":"https:\/\/www.quadernidipedagogia.it\/#website"},"datePublished":"2026-05-13T06:07:42+00:00","breadcrumb":{"@id":"https:\/\/www.quadernidipedagogia.it\/il-servizio-di-educativa-domiciliare-e-territoriale-come-attraversamento-di-soglie-visibili-e-invisibili-con-le-famiglie\/#breadcrumb"},"inLanguage":"en-GB","potentialAction":[{"@type":"ReadAction","target":["https:\/\/www.quadernidipedagogia.it\/il-servizio-di-educativa-domiciliare-e-territoriale-come-attraversamento-di-soglie-visibili-e-invisibili-con-le-famiglie\/"]}]},{"@type":"BreadcrumbList","@id":"https:\/\/www.quadernidipedagogia.it\/il-servizio-di-educativa-domiciliare-e-territoriale-come-attraversamento-di-soglie-visibili-e-invisibili-con-le-famiglie\/#breadcrumb","itemListElement":[{"@type":"ListItem","position":1,"name":"Home","item":"https:\/\/www.quadernidipedagogia.it\/"},{"@type":"ListItem","position":2,"name":"Il servizio di educativa domiciliare e territoriale come attraversamento di soglie visibili e invisibili con le famiglie"}]},{"@type":"WebSite","@id":"https:\/\/www.quadernidipedagogia.it\/#website","url":"https:\/\/www.quadernidipedagogia.it\/","name":"Quaderni di pedagogia e pratiche educative","description":"Quaderni di pedagogia e pratiche educative","publisher":{"@id":"https:\/\/www.quadernidipedagogia.it\/#organization"},"alternateName":"Quaderni di pedagogia","potentialAction":[{"@type":"SearchAction","target":{"@type":"EntryPoint","urlTemplate":"https:\/\/www.quadernidipedagogia.it\/?s={search_term_string}"},"query-input":{"@type":"PropertyValueSpecification","valueRequired":true,"valueName":"search_term_string"}}],"inLanguage":"en-GB"},{"@type":"Organization","@id":"https:\/\/www.quadernidipedagogia.it\/#organization","name":"Quaderni di pedagogia e pratiche educative","url":"https:\/\/www.quadernidipedagogia.it\/","logo":{"@type":"ImageObject","inLanguage":"en-GB","@id":"https:\/\/www.quadernidipedagogia.it\/#\/schema\/logo\/image\/","url":"https:\/\/www.quadernidipedagogia.it\/wp-content\/uploads\/2025\/06\/one-day-one-page-4.png","contentUrl":"https:\/\/www.quadernidipedagogia.it\/wp-content\/uploads\/2025\/06\/one-day-one-page-4.png","width":2000,"height":728,"caption":"Quaderni di pedagogia e pratiche educative"},"image":{"@id":"https:\/\/www.quadernidipedagogia.it\/#\/schema\/logo\/image\/"},"sameAs":["https:\/\/www.facebook.com\/OfficialPageAPEI\/"]}]}},"_links":{"self":[{"href":"https:\/\/www.quadernidipedagogia.it\/en\/wp-json\/wp\/v2\/pages\/3685","targetHints":{"allow":["GET"]}}],"collection":[{"href":"https:\/\/www.quadernidipedagogia.it\/en\/wp-json\/wp\/v2\/pages"}],"about":[{"href":"https:\/\/www.quadernidipedagogia.it\/en\/wp-json\/wp\/v2\/types\/page"}],"author":[{"embeddable":true,"href":"https:\/\/www.quadernidipedagogia.it\/en\/wp-json\/wp\/v2\/users\/1"}],"replies":[{"embeddable":true,"href":"https:\/\/www.quadernidipedagogia.it\/en\/wp-json\/wp\/v2\/comments?post=3685"}],"version-history":[{"count":1,"href":"https:\/\/www.quadernidipedagogia.it\/en\/wp-json\/wp\/v2\/pages\/3685\/revisions"}],"predecessor-version":[{"id":3686,"href":"https:\/\/www.quadernidipedagogia.it\/en\/wp-json\/wp\/v2\/pages\/3685\/revisions\/3686"}],"wp:attachment":[{"href":"https:\/\/www.quadernidipedagogia.it\/en\/wp-json\/wp\/v2\/media?parent=3685"}],"curies":[{"name":"wp","href":"https:\/\/api.w.org\/{rel}","templated":true}]}}