{"id":3674,"date":"2026-05-13T07:53:53","date_gmt":"2026-05-13T05:53:53","guid":{"rendered":"https:\/\/www.quadernidipedagogia.it\/?page_id=3674"},"modified":"2026-05-13T07:53:54","modified_gmt":"2026-05-13T05:53:54","slug":"introduzione","status":"publish","type":"page","link":"https:\/\/www.quadernidipedagogia.it\/en\/introduzione\/","title":{"rendered":"Introduzione"},"content":{"rendered":"<p><strong>Autori<\/strong><br>Gianvincenzo Nicodemo, Moreno Castagna, Duilio Loi<\/p>\n\n\n\n<p><strong>Titolo (ITA)<\/strong><br><em>Introduzione<\/em><\/p>\n\n\n\n<p><strong>Title (ENG)<\/strong><br><em>Introduction<\/em><\/p>\n\n\n\n<p><a href=\"https:\/\/www.quadernidipedagogia.it\/wp-content\/uploads\/2026\/05\/SCUARDI02.pdf\" type=\"link\" id=\"https:\/\/www.quadernidipedagogia.it\/wp-content\/uploads\/2026\/05\/SCUARDI02.pdf\">Download<\/a><\/p>\n\n\n\n<p><strong>Sintesi<\/strong><br>Il contributo introduce il volume delineando identit\u00e0, funzioni e sfide delle professioni pedagogico-educative contemporanee. Gli autori descrivono il lavoro degli educatori professionali socio-pedagogici e dei pedagogisti come un agire complesso, relazionale e trasformativo, fondato sulla progettualit\u00e0 educativa, sull\u2019osservazione e sulla costruzione di legami significativi con le persone in situazione di fragilit\u00e0. Il testo affronta il tema della vocazione educativa, delle difficolt\u00e0 operative e del rischio di burnout, soffermandosi sulla necessit\u00e0 di strumenti metodologici adeguati e sul valore del recente riconoscimento normativo rappresentato dalla legge 55\/2024 e dall\u2019istituzione dell\u2019Ordine professionale multi-albo dei Pedagogisti e degli Educatori professionali socio-pedagogici. L\u2019introduzione si configura come una riflessione critica e identitaria sul senso dell\u2019agire pedagogico contemporaneo e sul ruolo sociale delle professioni educative.<\/p>\n\n\n\n<p><strong>Parole chiave<\/strong><br>Pedagogia; Educatori professionali socio-pedagogici; Pedagogisti; Relazione educativa; Progettazione educativa; Burnout; Professioni educative; Legge 55\/2024; Identit\u00e0 professionale; Ordine professionale.<\/p>\n\n\n\n<p><strong>Abstract (ENG)<\/strong><br>The contribution introduces the volume by outlining the identity, functions, and challenges of contemporary pedagogical and educational professions. The authors describe the work of socio-pedagogical professional educators and pedagogists as a complex, relational, and transformative practice grounded in educational planning, observation, and the construction of meaningful relationships with individuals experiencing vulnerability. The text addresses themes such as educational vocation, professional difficulties, and the risk of burnout, emphasizing the need for adequate methodological tools and the importance of the recent legal recognition established by Law 55\/2024 and the creation of the multi-register Professional Order of Pedagogists and Socio-pedagogical Professional Educators. The introduction represents a critical and identity-oriented reflection on the meaning of contemporary pedagogical practice and on the social role of educational professions.<\/p>\n\n\n\n<p><strong>Keywords<\/strong><br>Pedagogy; Socio-pedagogical professional educators; Pedagogists; Educational relationship; Educational planning; Burnout; Educational professions; Law 55\/2024; Professional identity; Professional order.<\/p>\n<div class=\"sharing-default-minimal post-bottom\"><div class=\"nectar-social default\" data-position=\"\" data-rm-love=\"0\" data-color-override=\"override\"><div class=\"nectar-social-inner\"><a href=\"#\" class=\"nectar-love\" id=\"nectar-love-3674\" title=\"Love this\"> <i class=\"icon-salient-heart-2\"><\/i><span class=\"love-text\">Love<\/span><span class=\"total_loves\"><span class=\"nectar-love-count\">0<\/span><\/span><\/a><a class='facebook-share nectar-sharing' href='#' title='Share this'> <i class='fa fa-facebook'><\/i> <span class='social-text'>Share<\/span> <\/a><a class='twitter-share nectar-sharing' href='#' title='Share this'> <i class='fa icon-salient-x-twitter'><\/i> <span class='social-text'>Share<\/span> <\/a><a class='linkedin-share nectar-sharing' href='#' title='Share this'> <i class='fa fa-linkedin'><\/i> <span class='social-text'>Share<\/span> <\/a><a class='pinterest-share nectar-sharing' href='#' title='Pin this'> <i class='fa fa-pinterest'><\/i> <span class='social-text'>Pin<\/span> <\/a><\/div><\/div><\/div>","protected":false},"excerpt":{"rendered":"<p>AutoriGianvincenzo Nicodemo, Moreno Castagna, Duilio Loi Titolo (ITA)Introduzione Title (ENG)Introduction Download SintesiIl contributo introduce il volume delineando identit\u00e0, funzioni e sfide delle professioni pedagogico-educative contemporanee. Gli autori descrivono il lavoro degli educatori professionali socio-pedagogici e dei pedagogisti come un agire complesso, relazionale e trasformativo, fondato sulla progettualit\u00e0 educativa, sull\u2019osservazione e sulla costruzione di legami significativi [&hellip;]<\/p>\n","protected":false},"author":1,"featured_media":0,"parent":0,"menu_order":0,"comment_status":"closed","ping_status":"closed","template":"","meta":{"footnotes":""},"class_list":["post-3674","page","type-page","status-publish","hentry"],"yoast_head":"<!-- This site is optimized with the Yoast SEO plugin v27.5 - https:\/\/yoast.com\/product\/yoast-seo-wordpress\/ -->\n<title>Introduzione - Quaderni di pedagogia e pratiche educative<\/title>\n<meta name=\"robots\" content=\"index, follow, max-snippet:-1, max-image-preview:large, max-video-preview:-1\" \/>\n<link rel=\"canonical\" href=\"https:\/\/www.quadernidipedagogia.it\/en\/introduzione\/\" \/>\n<meta property=\"og:locale\" content=\"en_GB\" \/>\n<meta property=\"og:type\" content=\"article\" \/>\n<meta property=\"og:title\" content=\"Introduzione - Quaderni di pedagogia e pratiche educative\" \/>\n<meta property=\"og:description\" content=\"AutoriGianvincenzo Nicodemo, Moreno Castagna, Duilio Loi Titolo (ITA)Introduzione Title (ENG)Introduction Download SintesiIl contributo introduce il volume delineando identit\u00e0, funzioni e sfide delle professioni pedagogico-educative contemporanee. Gli autori descrivono il lavoro degli educatori professionali socio-pedagogici e dei pedagogisti come un agire complesso, relazionale e trasformativo, fondato sulla progettualit\u00e0 educativa, sull\u2019osservazione e sulla costruzione di legami significativi [&hellip;]\" \/>\n<meta property=\"og:url\" content=\"https:\/\/www.quadernidipedagogia.it\/en\/introduzione\/\" \/>\n<meta property=\"og:site_name\" content=\"Quaderni di pedagogia e pratiche educative\" \/>\n<meta property=\"article:publisher\" content=\"https:\/\/www.facebook.com\/OfficialPageAPEI\/\" \/>\n<meta property=\"article:modified_time\" content=\"2026-05-13T05:53:54+00:00\" \/>\n<meta name=\"twitter:card\" content=\"summary_large_image\" \/>\n<meta name=\"twitter:label1\" content=\"Estimated reading time\" \/>\n\t<meta name=\"twitter:data1\" content=\"2 minutes\" \/>\n<!-- \/ Yoast SEO plugin. -->","yoast_head_json":{"title":"Introduzione - Quaderni di pedagogia e pratiche educative","robots":{"index":"index","follow":"follow","max-snippet":"max-snippet:-1","max-image-preview":"max-image-preview:large","max-video-preview":"max-video-preview:-1"},"canonical":"https:\/\/www.quadernidipedagogia.it\/en\/introduzione\/","og_locale":"en_GB","og_type":"article","og_title":"Introduzione - Quaderni di pedagogia e pratiche educative","og_description":"AutoriGianvincenzo Nicodemo, Moreno Castagna, Duilio Loi Titolo (ITA)Introduzione Title (ENG)Introduction Download SintesiIl contributo introduce il volume delineando identit\u00e0, funzioni e sfide delle professioni pedagogico-educative contemporanee. Gli autori descrivono il lavoro degli educatori professionali socio-pedagogici e dei pedagogisti come un agire complesso, relazionale e trasformativo, fondato sulla progettualit\u00e0 educativa, sull\u2019osservazione e sulla costruzione di legami significativi [&hellip;]","og_url":"https:\/\/www.quadernidipedagogia.it\/en\/introduzione\/","og_site_name":"Quaderni di pedagogia e pratiche educative","article_publisher":"https:\/\/www.facebook.com\/OfficialPageAPEI\/","article_modified_time":"2026-05-13T05:53:54+00:00","twitter_card":"summary_large_image","twitter_misc":{"Estimated reading time":"2 minutes"},"schema":{"@context":"https:\/\/schema.org","@graph":[{"@type":"WebPage","@id":"https:\/\/www.quadernidipedagogia.it\/introduzione\/","url":"https:\/\/www.quadernidipedagogia.it\/introduzione\/","name":"Introduzione - Quaderni di pedagogia e pratiche educative","isPartOf":{"@id":"https:\/\/www.quadernidipedagogia.it\/#website"},"datePublished":"2026-05-13T05:53:53+00:00","dateModified":"2026-05-13T05:53:54+00:00","breadcrumb":{"@id":"https:\/\/www.quadernidipedagogia.it\/introduzione\/#breadcrumb"},"inLanguage":"en-GB","potentialAction":[{"@type":"ReadAction","target":["https:\/\/www.quadernidipedagogia.it\/introduzione\/"]}]},{"@type":"BreadcrumbList","@id":"https:\/\/www.quadernidipedagogia.it\/introduzione\/#breadcrumb","itemListElement":[{"@type":"ListItem","position":1,"name":"Home","item":"https:\/\/www.quadernidipedagogia.it\/"},{"@type":"ListItem","position":2,"name":"Introduzione"}]},{"@type":"WebSite","@id":"https:\/\/www.quadernidipedagogia.it\/#website","url":"https:\/\/www.quadernidipedagogia.it\/","name":"Quaderni di pedagogia e pratiche educative","description":"Quaderni di pedagogia e pratiche educative","publisher":{"@id":"https:\/\/www.quadernidipedagogia.it\/#organization"},"alternateName":"Quaderni di pedagogia","potentialAction":[{"@type":"SearchAction","target":{"@type":"EntryPoint","urlTemplate":"https:\/\/www.quadernidipedagogia.it\/?s={search_term_string}"},"query-input":{"@type":"PropertyValueSpecification","valueRequired":true,"valueName":"search_term_string"}}],"inLanguage":"en-GB"},{"@type":"Organization","@id":"https:\/\/www.quadernidipedagogia.it\/#organization","name":"Quaderni di pedagogia e pratiche educative","url":"https:\/\/www.quadernidipedagogia.it\/","logo":{"@type":"ImageObject","inLanguage":"en-GB","@id":"https:\/\/www.quadernidipedagogia.it\/#\/schema\/logo\/image\/","url":"https:\/\/www.quadernidipedagogia.it\/wp-content\/uploads\/2025\/06\/one-day-one-page-4.png","contentUrl":"https:\/\/www.quadernidipedagogia.it\/wp-content\/uploads\/2025\/06\/one-day-one-page-4.png","width":2000,"height":728,"caption":"Quaderni di pedagogia e pratiche educative"},"image":{"@id":"https:\/\/www.quadernidipedagogia.it\/#\/schema\/logo\/image\/"},"sameAs":["https:\/\/www.facebook.com\/OfficialPageAPEI\/"]}]}},"_links":{"self":[{"href":"https:\/\/www.quadernidipedagogia.it\/en\/wp-json\/wp\/v2\/pages\/3674","targetHints":{"allow":["GET"]}}],"collection":[{"href":"https:\/\/www.quadernidipedagogia.it\/en\/wp-json\/wp\/v2\/pages"}],"about":[{"href":"https:\/\/www.quadernidipedagogia.it\/en\/wp-json\/wp\/v2\/types\/page"}],"author":[{"embeddable":true,"href":"https:\/\/www.quadernidipedagogia.it\/en\/wp-json\/wp\/v2\/users\/1"}],"replies":[{"embeddable":true,"href":"https:\/\/www.quadernidipedagogia.it\/en\/wp-json\/wp\/v2\/comments?post=3674"}],"version-history":[{"count":1,"href":"https:\/\/www.quadernidipedagogia.it\/en\/wp-json\/wp\/v2\/pages\/3674\/revisions"}],"predecessor-version":[{"id":3675,"href":"https:\/\/www.quadernidipedagogia.it\/en\/wp-json\/wp\/v2\/pages\/3674\/revisions\/3675"}],"wp:attachment":[{"href":"https:\/\/www.quadernidipedagogia.it\/en\/wp-json\/wp\/v2\/media?parent=3674"}],"curies":[{"name":"wp","href":"https:\/\/api.w.org\/{rel}","templated":true}]}}