{"id":3569,"date":"2026-05-05T23:57:00","date_gmt":"2026-05-05T21:57:00","guid":{"rendered":"https:\/\/www.quadernidipedagogia.it\/?page_id=3569"},"modified":"2026-05-06T00:06:21","modified_gmt":"2026-05-05T22:06:21","slug":"capitolo-6-le-difficolta-e-la-forza-del-lavoro-educativo-tra-frustrazione-e-resilienza-una-ricerca-che-da-voce","status":"publish","type":"page","link":"https:\/\/www.quadernidipedagogia.it\/en\/capitolo-6-le-difficolta-e-la-forza-del-lavoro-educativo-tra-frustrazione-e-resilienza-una-ricerca-che-da-voce\/","title":{"rendered":"Capitolo 6. Le difficolt\u00e0 e la forza del lavoro educativo, tra frustrazione e resilienza. Una ricerca che d\u00e0 voce"},"content":{"rendered":"<p><strong>Titolo<\/strong><br>Le difficolt\u00e0 e la forza del lavoro educativo, tra frustrazione e resilienza. Una ricerca che d\u00e0 voce<\/p>\n\n\n\n<p><strong>Autore<\/strong><br>Chiara Bravi<\/p>\n\n\n\n<p><strong>Title<\/strong><br>The Challenges and Strength of Educational Work: Between Frustration and Resilience. A Study Giving Voice<\/p>\n\n\n\n<p><a href=\"https:\/\/www.quadernidipedagogia.it\/wp-content\/uploads\/2026\/05\/06-Capitolo-6.pdf\" type=\"link\" id=\"https:\/\/www.quadernidipedagogia.it\/wp-content\/uploads\/2026\/05\/06-Capitolo-6.pdf\">Download<\/a><\/p>\n\n\n\n<p><strong>Abstract (Ita)<\/strong><br>Il capitolo presenta una ricerca qualitativa sulle condizioni lavorative degli educatori socio-pedagogici e dei pedagogisti, con l\u2019obiettivo di dare voce alle loro esperienze quotidiane. Attraverso un\u2019indagine basata su interviste scritte, il contributo esplora le principali criticit\u00e0 del lavoro educativo, tra cui la percezione diffusa di sottopagamento, il carico emotivo, le difficolt\u00e0 organizzative e la scarsa valorizzazione professionale. I risultati mostrano una realt\u00e0 complessa: da un lato emergono frustrazione, stress e fenomeni di abbandono della professione; dall\u2019altro si evidenziano passione, senso di responsabilit\u00e0 e forte motivazione etica. Il capitolo mette in luce il ruolo centrale della \u201ccura educativa\u201d come pratica relazionale e politica, sottolineando come la resilienza degli educatori rappresenti una risorsa fondamentale ma non sufficiente, rendendo necessario un intervento strutturale per migliorare le condizioni lavorative e garantire qualit\u00e0 nei servizi educativi.&nbsp;<\/p>\n\n\n\n<p><strong>Parole chiave<\/strong><br>Educatori, Lavoro educativo, Resilienza, Condizioni di lavoro, Ricerca qualitativa, Cura educativa<\/p>\n\n\n\n<p><strong>Abstract (Eng)<\/strong><br>The chapter presents a qualitative study on the working conditions of socio-pedagogical educators and pedagogists, aiming to give voice to their everyday experiences. Based on written interviews, the research explores key issues such as perceived underpayment, emotional workload, organizational challenges, and lack of professional recognition. The findings reveal a complex reality: on one hand, frustration, stress, and professional abandonment emerge; on the other, strong passion, ethical commitment, and resilience are evident. The chapter highlights the central role of \u201ceducational care\u201d as both a relational and political practice, emphasizing that while educators\u2019 resilience is a crucial resource, it is not sufficient on its own, and structural interventions are needed to improve working conditions and ensure the quality of educational services.<\/p>\n\n\n\n<p><strong>Keywords<\/strong><br>Educators, Educational work, Resilience, Working conditions, Qualitative research, Educational care<\/p>\n\n\n\n<p><strong>Come citare (APA 7\u00aa ed.)<\/strong><br>Bravi, C. (2024). Le difficolt\u00e0 e la forza del lavoro educativo, tra frustrazione e resilienza. Una ricerca che d\u00e0 voce. In G. Nicodemo (Ed.),&nbsp;<em>L\u2019alba dell\u2019albo: Educatori professionali socio-pedagogici e pedagogisti tra riconoscimento normativo e sociale<\/em>&nbsp;(pp. 50\u201359). Apei editrice<\/p>\n\n\n\n<p><\/p>\n\n\n\n<p>Torna all&#8217;indice di <strong><a href=\"https:\/\/www.quadernidipedagogia.it\/en\/lalba-dellalbo\/\">L\u2019alba dell\u2019albo. Educatori professionali socio-pedagogici e pedagogisti tra riconoscimento normativo e sociale<\/a><\/strong><\/p>\n<div class=\"sharing-default-minimal post-bottom\"><div class=\"nectar-social default\" data-position=\"\" data-rm-love=\"0\" data-color-override=\"override\"><div class=\"nectar-social-inner\"><a href=\"#\" class=\"nectar-love\" id=\"nectar-love-3569\" title=\"Love this\"> <i class=\"icon-salient-heart-2\"><\/i><span class=\"love-text\">Love<\/span><span class=\"total_loves\"><span class=\"nectar-love-count\">0<\/span><\/span><\/a><a class='facebook-share nectar-sharing' href='#' title='Share this'> <i class='fa fa-facebook'><\/i> <span class='social-text'>Share<\/span> <\/a><a class='twitter-share nectar-sharing' href='#' title='Share this'> <i class='fa icon-salient-x-twitter'><\/i> <span class='social-text'>Share<\/span> <\/a><a class='linkedin-share nectar-sharing' href='#' title='Share this'> <i class='fa fa-linkedin'><\/i> <span class='social-text'>Share<\/span> <\/a><a class='pinterest-share nectar-sharing' href='#' title='Pin this'> <i class='fa fa-pinterest'><\/i> <span class='social-text'>Pin<\/span> <\/a><\/div><\/div><\/div>","protected":false},"excerpt":{"rendered":"<p>TitoloLe difficolt\u00e0 e la forza del lavoro educativo, tra frustrazione e resilienza. Una ricerca che d\u00e0 voce AutoreChiara Bravi TitleThe Challenges and Strength of Educational Work: Between Frustration and Resilience. A Study Giving Voice Download Abstract (Ita)Il capitolo presenta una ricerca qualitativa sulle condizioni lavorative degli educatori socio-pedagogici e dei pedagogisti, con l\u2019obiettivo di dare [&hellip;]<\/p>\n","protected":false},"author":1,"featured_media":0,"parent":0,"menu_order":0,"comment_status":"closed","ping_status":"closed","template":"","meta":{"footnotes":""},"class_list":["post-3569","page","type-page","status-publish","hentry"],"yoast_head":"<!-- This site is optimized with the Yoast SEO plugin v27.5 - https:\/\/yoast.com\/product\/yoast-seo-wordpress\/ -->\n<title>Capitolo 6. Le difficolt\u00e0 e la forza del lavoro educativo, tra frustrazione e resilienza. Una ricerca che d\u00e0 voce - Quaderni di pedagogia e pratiche educative<\/title>\n<meta name=\"robots\" content=\"index, follow, max-snippet:-1, max-image-preview:large, max-video-preview:-1\" \/>\n<link rel=\"canonical\" href=\"https:\/\/www.quadernidipedagogia.it\/en\/capitolo-6-le-difficolta-e-la-forza-del-lavoro-educativo-tra-frustrazione-e-resilienza-una-ricerca-che-da-voce\/\" \/>\n<meta property=\"og:locale\" content=\"en_GB\" \/>\n<meta property=\"og:type\" content=\"article\" \/>\n<meta property=\"og:title\" content=\"Capitolo 6. Le difficolt\u00e0 e la forza del lavoro educativo, tra frustrazione e resilienza. Una ricerca che d\u00e0 voce - Quaderni di pedagogia e pratiche educative\" \/>\n<meta property=\"og:description\" content=\"TitoloLe difficolt\u00e0 e la forza del lavoro educativo, tra frustrazione e resilienza. Una ricerca che d\u00e0 voce AutoreChiara Bravi TitleThe Challenges and Strength of Educational Work: Between Frustration and Resilience. A Study Giving Voice Download Abstract (Ita)Il capitolo presenta una ricerca qualitativa sulle condizioni lavorative degli educatori socio-pedagogici e dei pedagogisti, con l\u2019obiettivo di dare [&hellip;]\" \/>\n<meta property=\"og:url\" content=\"https:\/\/www.quadernidipedagogia.it\/en\/capitolo-6-le-difficolta-e-la-forza-del-lavoro-educativo-tra-frustrazione-e-resilienza-una-ricerca-che-da-voce\/\" \/>\n<meta property=\"og:site_name\" content=\"Quaderni di pedagogia e pratiche educative\" \/>\n<meta property=\"article:publisher\" content=\"https:\/\/www.facebook.com\/OfficialPageAPEI\/\" \/>\n<meta property=\"article:modified_time\" content=\"2026-05-05T22:06:21+00:00\" \/>\n<meta name=\"twitter:card\" content=\"summary_large_image\" \/>\n<meta name=\"twitter:label1\" content=\"Estimated reading time\" \/>\n\t<meta name=\"twitter:data1\" content=\"2 minutes\" \/>\n<!-- \/ Yoast SEO plugin. -->","yoast_head_json":{"title":"Capitolo 6. Le difficolt\u00e0 e la forza del lavoro educativo, tra frustrazione e resilienza. Una ricerca che d\u00e0 voce - Quaderni di pedagogia e pratiche educative","robots":{"index":"index","follow":"follow","max-snippet":"max-snippet:-1","max-image-preview":"max-image-preview:large","max-video-preview":"max-video-preview:-1"},"canonical":"https:\/\/www.quadernidipedagogia.it\/en\/capitolo-6-le-difficolta-e-la-forza-del-lavoro-educativo-tra-frustrazione-e-resilienza-una-ricerca-che-da-voce\/","og_locale":"en_GB","og_type":"article","og_title":"Capitolo 6. Le difficolt\u00e0 e la forza del lavoro educativo, tra frustrazione e resilienza. Una ricerca che d\u00e0 voce - Quaderni di pedagogia e pratiche educative","og_description":"TitoloLe difficolt\u00e0 e la forza del lavoro educativo, tra frustrazione e resilienza. Una ricerca che d\u00e0 voce AutoreChiara Bravi TitleThe Challenges and Strength of Educational Work: Between Frustration and Resilience. A Study Giving Voice Download Abstract (Ita)Il capitolo presenta una ricerca qualitativa sulle condizioni lavorative degli educatori socio-pedagogici e dei pedagogisti, con l\u2019obiettivo di dare [&hellip;]","og_url":"https:\/\/www.quadernidipedagogia.it\/en\/capitolo-6-le-difficolta-e-la-forza-del-lavoro-educativo-tra-frustrazione-e-resilienza-una-ricerca-che-da-voce\/","og_site_name":"Quaderni di pedagogia e pratiche educative","article_publisher":"https:\/\/www.facebook.com\/OfficialPageAPEI\/","article_modified_time":"2026-05-05T22:06:21+00:00","twitter_card":"summary_large_image","twitter_misc":{"Estimated reading time":"2 minutes"},"schema":{"@context":"https:\/\/schema.org","@graph":[{"@type":"WebPage","@id":"https:\/\/www.quadernidipedagogia.it\/capitolo-6-le-difficolta-e-la-forza-del-lavoro-educativo-tra-frustrazione-e-resilienza-una-ricerca-che-da-voce\/","url":"https:\/\/www.quadernidipedagogia.it\/capitolo-6-le-difficolta-e-la-forza-del-lavoro-educativo-tra-frustrazione-e-resilienza-una-ricerca-che-da-voce\/","name":"Capitolo 6. Le difficolt\u00e0 e la forza del lavoro educativo, tra frustrazione e resilienza. Una ricerca che d\u00e0 voce - Quaderni di pedagogia e pratiche educative","isPartOf":{"@id":"https:\/\/www.quadernidipedagogia.it\/#website"},"datePublished":"2026-05-05T21:57:00+00:00","dateModified":"2026-05-05T22:06:21+00:00","breadcrumb":{"@id":"https:\/\/www.quadernidipedagogia.it\/capitolo-6-le-difficolta-e-la-forza-del-lavoro-educativo-tra-frustrazione-e-resilienza-una-ricerca-che-da-voce\/#breadcrumb"},"inLanguage":"en-GB","potentialAction":[{"@type":"ReadAction","target":["https:\/\/www.quadernidipedagogia.it\/capitolo-6-le-difficolta-e-la-forza-del-lavoro-educativo-tra-frustrazione-e-resilienza-una-ricerca-che-da-voce\/"]}]},{"@type":"BreadcrumbList","@id":"https:\/\/www.quadernidipedagogia.it\/capitolo-6-le-difficolta-e-la-forza-del-lavoro-educativo-tra-frustrazione-e-resilienza-una-ricerca-che-da-voce\/#breadcrumb","itemListElement":[{"@type":"ListItem","position":1,"name":"Home","item":"https:\/\/www.quadernidipedagogia.it\/"},{"@type":"ListItem","position":2,"name":"Capitolo 6. Le difficolt\u00e0 e la forza del lavoro educativo, tra frustrazione e resilienza. Una ricerca che d\u00e0 voce"}]},{"@type":"WebSite","@id":"https:\/\/www.quadernidipedagogia.it\/#website","url":"https:\/\/www.quadernidipedagogia.it\/","name":"Quaderni di pedagogia e pratiche educative","description":"Quaderni di pedagogia e pratiche educative","publisher":{"@id":"https:\/\/www.quadernidipedagogia.it\/#organization"},"alternateName":"Quaderni di pedagogia","potentialAction":[{"@type":"SearchAction","target":{"@type":"EntryPoint","urlTemplate":"https:\/\/www.quadernidipedagogia.it\/?s={search_term_string}"},"query-input":{"@type":"PropertyValueSpecification","valueRequired":true,"valueName":"search_term_string"}}],"inLanguage":"en-GB"},{"@type":"Organization","@id":"https:\/\/www.quadernidipedagogia.it\/#organization","name":"Quaderni di pedagogia e pratiche educative","url":"https:\/\/www.quadernidipedagogia.it\/","logo":{"@type":"ImageObject","inLanguage":"en-GB","@id":"https:\/\/www.quadernidipedagogia.it\/#\/schema\/logo\/image\/","url":"https:\/\/www.quadernidipedagogia.it\/wp-content\/uploads\/2025\/06\/one-day-one-page-4.png","contentUrl":"https:\/\/www.quadernidipedagogia.it\/wp-content\/uploads\/2025\/06\/one-day-one-page-4.png","width":2000,"height":728,"caption":"Quaderni di pedagogia e pratiche educative"},"image":{"@id":"https:\/\/www.quadernidipedagogia.it\/#\/schema\/logo\/image\/"},"sameAs":["https:\/\/www.facebook.com\/OfficialPageAPEI\/"]}]}},"_links":{"self":[{"href":"https:\/\/www.quadernidipedagogia.it\/en\/wp-json\/wp\/v2\/pages\/3569","targetHints":{"allow":["GET"]}}],"collection":[{"href":"https:\/\/www.quadernidipedagogia.it\/en\/wp-json\/wp\/v2\/pages"}],"about":[{"href":"https:\/\/www.quadernidipedagogia.it\/en\/wp-json\/wp\/v2\/types\/page"}],"author":[{"embeddable":true,"href":"https:\/\/www.quadernidipedagogia.it\/en\/wp-json\/wp\/v2\/users\/1"}],"replies":[{"embeddable":true,"href":"https:\/\/www.quadernidipedagogia.it\/en\/wp-json\/wp\/v2\/comments?post=3569"}],"version-history":[{"count":3,"href":"https:\/\/www.quadernidipedagogia.it\/en\/wp-json\/wp\/v2\/pages\/3569\/revisions"}],"predecessor-version":[{"id":3589,"href":"https:\/\/www.quadernidipedagogia.it\/en\/wp-json\/wp\/v2\/pages\/3569\/revisions\/3589"}],"wp:attachment":[{"href":"https:\/\/www.quadernidipedagogia.it\/en\/wp-json\/wp\/v2\/media?parent=3569"}],"curies":[{"name":"wp","href":"https:\/\/api.w.org\/{rel}","templated":true}]}}