{"id":3552,"date":"2026-05-05T23:37:28","date_gmt":"2026-05-05T21:37:28","guid":{"rendered":"https:\/\/www.quadernidipedagogia.it\/?page_id=3552"},"modified":"2026-05-06T00:06:43","modified_gmt":"2026-05-05T22:06:43","slug":"prefazione-di-alessandro-prisciandaro","status":"publish","type":"page","link":"https:\/\/www.quadernidipedagogia.it\/en\/prefazione-di-alessandro-prisciandaro\/","title":{"rendered":"Prefazione di Alessandro Prisciandaro"},"content":{"rendered":"<p><strong>Titolo<\/strong><br>Non ci hanno visti arrivare\u2026<\/p>\n\n\n\n<p><strong>Autore<\/strong><br>Alessandro Prisciandaro<\/p>\n\n\n\n<p><a href=\"https:\/\/www.quadernidipedagogia.it\/wp-content\/uploads\/2026\/05\/00-Prefazione.pdf\" type=\"link\" id=\"https:\/\/www.quadernidipedagogia.it\/wp-content\/uploads\/2026\/05\/00-Prefazione.pdf\">Download<\/a><\/p>\n\n\n\n<p><strong>Title<\/strong><br>They Didn\u2019t See Us Coming\u2026<\/p>\n\n\n\n<p><strong>Abstract (Ita)<\/strong><br>Il contributo riflette sull\u2019evoluzione delle professioni educative e pedagogiche, evidenziando il passaggio da una dimensione individuale e silenziosa del lavoro educativo a una progressiva presa di coscienza collettiva. A partire dall\u2019esperienza degli educatori, viene delineato un percorso di crescita professionale segnato da criticit\u00e0, precariet\u00e0 e necessit\u00e0 di riconoscimento sociale. Il testo mette in luce il ruolo delle organizzazioni professionali nel promuovere un cambiamento strutturale e culturale, sottolineando l\u2019importanza della pedagogia come disciplina autonoma e fondante per una societ\u00e0 pi\u00f9 equa e inclusiva.<\/p>\n\n\n\n<p><strong>Parole chiave<\/strong><br>Educatori, Pedagogia, Riconoscimento professionale, Lavoro educativo, Organizzazione collettiva<\/p>\n\n\n\n<p><strong>Abstract (Eng)<\/strong><br>The contribution reflects on the evolution of educational and pedagogical professions, highlighting the transition from an individual and often silent dimension of educational work to a growing collective awareness. Drawing on educators\u2019 experiences, it outlines a path of professional development marked by challenges, precarious conditions, and the need for social recognition. The text emphasizes the role of professional organizations in fostering structural and cultural change, underlining the importance of pedagogy as an autonomous discipline for building a more equitable and inclusive society.<\/p>\n\n\n\n<p><strong>Keywords<\/strong><br>Educators, Pedagogy, Professional recognition, Educational work, Collective organization<\/p>\n\n\n\n<p><strong>Come citare <\/strong><br>Prisciandaro, A. (2024). Non ci hanno visti arrivare\u2026 In G. Nicodemo (a cura di),&nbsp;<em>L\u2019alba dell\u2019albo: Educatori professionali socio-pedagogici e pedagogisti tra riconoscimento normativo e sociale<\/em>. 8\u20139. <\/p>\n\n\n\n<p><\/p>\n\n\n\n<p>Torna all&#8217;indice di <strong><a href=\"https:\/\/www.quadernidipedagogia.it\/en\/lalba-dellalbo\/\">L\u2019alba dell\u2019albo. Educatori professionali socio-pedagogici e pedagogisti tra riconoscimento normativo e sociale<\/a><\/strong><\/p>\n<div class=\"sharing-default-minimal post-bottom\"><div class=\"nectar-social default\" data-position=\"\" data-rm-love=\"0\" data-color-override=\"override\"><div class=\"nectar-social-inner\"><a href=\"#\" class=\"nectar-love\" id=\"nectar-love-3552\" title=\"Love this\"> <i class=\"icon-salient-heart-2\"><\/i><span class=\"love-text\">Love<\/span><span class=\"total_loves\"><span class=\"nectar-love-count\">0<\/span><\/span><\/a><a class='facebook-share nectar-sharing' href='#' title='Share this'> <i class='fa fa-facebook'><\/i> <span class='social-text'>Share<\/span> <\/a><a class='twitter-share nectar-sharing' href='#' title='Share this'> <i class='fa icon-salient-x-twitter'><\/i> <span class='social-text'>Share<\/span> <\/a><a class='linkedin-share nectar-sharing' href='#' title='Share this'> <i class='fa fa-linkedin'><\/i> <span class='social-text'>Share<\/span> <\/a><a class='pinterest-share nectar-sharing' href='#' title='Pin this'> <i class='fa fa-pinterest'><\/i> <span class='social-text'>Pin<\/span> <\/a><\/div><\/div><\/div>","protected":false},"excerpt":{"rendered":"<p>TitoloNon ci hanno visti arrivare\u2026 AutoreAlessandro Prisciandaro Download TitleThey Didn\u2019t See Us Coming\u2026 Abstract (Ita)Il contributo riflette sull\u2019evoluzione delle professioni educative e pedagogiche, evidenziando il passaggio da una dimensione individuale e silenziosa del lavoro educativo a una progressiva presa di coscienza collettiva. A partire dall\u2019esperienza degli educatori, viene delineato un percorso di crescita professionale segnato [&hellip;]<\/p>\n","protected":false},"author":1,"featured_media":0,"parent":0,"menu_order":0,"comment_status":"closed","ping_status":"closed","template":"","meta":{"footnotes":""},"class_list":["post-3552","page","type-page","status-publish","hentry"],"yoast_head":"<!-- This site is optimized with the Yoast SEO plugin v27.5 - https:\/\/yoast.com\/product\/yoast-seo-wordpress\/ -->\n<title>Prefazione di Alessandro Prisciandaro - Quaderni di pedagogia e pratiche educative<\/title>\n<meta name=\"robots\" content=\"index, follow, max-snippet:-1, max-image-preview:large, max-video-preview:-1\" \/>\n<link rel=\"canonical\" href=\"https:\/\/www.quadernidipedagogia.it\/en\/prefazione-di-alessandro-prisciandaro\/\" \/>\n<meta property=\"og:locale\" content=\"en_GB\" \/>\n<meta property=\"og:type\" content=\"article\" \/>\n<meta property=\"og:title\" content=\"Prefazione di Alessandro Prisciandaro - Quaderni di pedagogia e pratiche educative\" \/>\n<meta property=\"og:description\" content=\"TitoloNon ci hanno visti arrivare\u2026 AutoreAlessandro Prisciandaro Download TitleThey Didn\u2019t See Us Coming\u2026 Abstract (Ita)Il contributo riflette sull\u2019evoluzione delle professioni educative e pedagogiche, evidenziando il passaggio da una dimensione individuale e silenziosa del lavoro educativo a una progressiva presa di coscienza collettiva. A partire dall\u2019esperienza degli educatori, viene delineato un percorso di crescita professionale segnato [&hellip;]\" \/>\n<meta property=\"og:url\" content=\"https:\/\/www.quadernidipedagogia.it\/en\/prefazione-di-alessandro-prisciandaro\/\" \/>\n<meta property=\"og:site_name\" content=\"Quaderni di pedagogia e pratiche educative\" \/>\n<meta property=\"article:publisher\" content=\"https:\/\/www.facebook.com\/OfficialPageAPEI\/\" \/>\n<meta property=\"article:modified_time\" content=\"2026-05-05T22:06:43+00:00\" \/>\n<meta name=\"twitter:card\" content=\"summary_large_image\" \/>\n<meta name=\"twitter:label1\" content=\"Estimated reading time\" \/>\n\t<meta name=\"twitter:data1\" content=\"2 minutes\" \/>\n<!-- \/ Yoast SEO plugin. -->","yoast_head_json":{"title":"Prefazione di Alessandro Prisciandaro - Quaderni di pedagogia e pratiche educative","robots":{"index":"index","follow":"follow","max-snippet":"max-snippet:-1","max-image-preview":"max-image-preview:large","max-video-preview":"max-video-preview:-1"},"canonical":"https:\/\/www.quadernidipedagogia.it\/en\/prefazione-di-alessandro-prisciandaro\/","og_locale":"en_GB","og_type":"article","og_title":"Prefazione di Alessandro Prisciandaro - Quaderni di pedagogia e pratiche educative","og_description":"TitoloNon ci hanno visti arrivare\u2026 AutoreAlessandro Prisciandaro Download TitleThey Didn\u2019t See Us Coming\u2026 Abstract (Ita)Il contributo riflette sull\u2019evoluzione delle professioni educative e pedagogiche, evidenziando il passaggio da una dimensione individuale e silenziosa del lavoro educativo a una progressiva presa di coscienza collettiva. A partire dall\u2019esperienza degli educatori, viene delineato un percorso di crescita professionale segnato [&hellip;]","og_url":"https:\/\/www.quadernidipedagogia.it\/en\/prefazione-di-alessandro-prisciandaro\/","og_site_name":"Quaderni di pedagogia e pratiche educative","article_publisher":"https:\/\/www.facebook.com\/OfficialPageAPEI\/","article_modified_time":"2026-05-05T22:06:43+00:00","twitter_card":"summary_large_image","twitter_misc":{"Estimated reading time":"2 minutes"},"schema":{"@context":"https:\/\/schema.org","@graph":[{"@type":"WebPage","@id":"https:\/\/www.quadernidipedagogia.it\/prefazione-di-alessandro-prisciandaro\/","url":"https:\/\/www.quadernidipedagogia.it\/prefazione-di-alessandro-prisciandaro\/","name":"Prefazione di Alessandro Prisciandaro - Quaderni di pedagogia e pratiche educative","isPartOf":{"@id":"https:\/\/www.quadernidipedagogia.it\/#website"},"datePublished":"2026-05-05T21:37:28+00:00","dateModified":"2026-05-05T22:06:43+00:00","breadcrumb":{"@id":"https:\/\/www.quadernidipedagogia.it\/prefazione-di-alessandro-prisciandaro\/#breadcrumb"},"inLanguage":"en-GB","potentialAction":[{"@type":"ReadAction","target":["https:\/\/www.quadernidipedagogia.it\/prefazione-di-alessandro-prisciandaro\/"]}]},{"@type":"BreadcrumbList","@id":"https:\/\/www.quadernidipedagogia.it\/prefazione-di-alessandro-prisciandaro\/#breadcrumb","itemListElement":[{"@type":"ListItem","position":1,"name":"Home","item":"https:\/\/www.quadernidipedagogia.it\/"},{"@type":"ListItem","position":2,"name":"Prefazione di Alessandro Prisciandaro"}]},{"@type":"WebSite","@id":"https:\/\/www.quadernidipedagogia.it\/#website","url":"https:\/\/www.quadernidipedagogia.it\/","name":"Quaderni di pedagogia e pratiche educative","description":"Quaderni di pedagogia e pratiche educative","publisher":{"@id":"https:\/\/www.quadernidipedagogia.it\/#organization"},"alternateName":"Quaderni di pedagogia","potentialAction":[{"@type":"SearchAction","target":{"@type":"EntryPoint","urlTemplate":"https:\/\/www.quadernidipedagogia.it\/?s={search_term_string}"},"query-input":{"@type":"PropertyValueSpecification","valueRequired":true,"valueName":"search_term_string"}}],"inLanguage":"en-GB"},{"@type":"Organization","@id":"https:\/\/www.quadernidipedagogia.it\/#organization","name":"Quaderni di pedagogia e pratiche educative","url":"https:\/\/www.quadernidipedagogia.it\/","logo":{"@type":"ImageObject","inLanguage":"en-GB","@id":"https:\/\/www.quadernidipedagogia.it\/#\/schema\/logo\/image\/","url":"https:\/\/www.quadernidipedagogia.it\/wp-content\/uploads\/2025\/06\/one-day-one-page-4.png","contentUrl":"https:\/\/www.quadernidipedagogia.it\/wp-content\/uploads\/2025\/06\/one-day-one-page-4.png","width":2000,"height":728,"caption":"Quaderni di pedagogia e pratiche educative"},"image":{"@id":"https:\/\/www.quadernidipedagogia.it\/#\/schema\/logo\/image\/"},"sameAs":["https:\/\/www.facebook.com\/OfficialPageAPEI\/"]}]}},"_links":{"self":[{"href":"https:\/\/www.quadernidipedagogia.it\/en\/wp-json\/wp\/v2\/pages\/3552","targetHints":{"allow":["GET"]}}],"collection":[{"href":"https:\/\/www.quadernidipedagogia.it\/en\/wp-json\/wp\/v2\/pages"}],"about":[{"href":"https:\/\/www.quadernidipedagogia.it\/en\/wp-json\/wp\/v2\/types\/page"}],"author":[{"embeddable":true,"href":"https:\/\/www.quadernidipedagogia.it\/en\/wp-json\/wp\/v2\/users\/1"}],"replies":[{"embeddable":true,"href":"https:\/\/www.quadernidipedagogia.it\/en\/wp-json\/wp\/v2\/comments?post=3552"}],"version-history":[{"count":3,"href":"https:\/\/www.quadernidipedagogia.it\/en\/wp-json\/wp\/v2\/pages\/3552\/revisions"}],"predecessor-version":[{"id":3590,"href":"https:\/\/www.quadernidipedagogia.it\/en\/wp-json\/wp\/v2\/pages\/3552\/revisions\/3590"}],"wp:attachment":[{"href":"https:\/\/www.quadernidipedagogia.it\/en\/wp-json\/wp\/v2\/media?parent=3552"}],"curies":[{"name":"wp","href":"https:\/\/api.w.org\/{rel}","templated":true}]}}