{"id":3485,"date":"2026-04-27T14:06:19","date_gmt":"2026-04-27T12:06:19","guid":{"rendered":"https:\/\/www.quadernidipedagogia.it\/?page_id=3485"},"modified":"2026-04-27T23:19:02","modified_gmt":"2026-04-27T21:19:02","slug":"politica-in-relazione-al-diritto-di-autore-pedagogia","status":"publish","type":"page","link":"https:\/\/www.quadernidipedagogia.it\/en\/politica-in-relazione-al-diritto-di-autore-pedagogia\/","title":{"rendered":"Politica di accesso aperto, copyright e licenze"},"content":{"rendered":"<h1 class=\"wp-block-heading\">Diritti degli utenti (accesso aperto)<\/h1>\n\n\n\n<p><em>Quaderni di Pedagogia e pratiche educative<\/em> \u00e8 una rivista ad accesso aperto (open access).<br>Tutti i contenuti sono disponibili gratuitamente senza barriere economiche o tecniche. Gli utenti possono <strong>leggere, scaricare e stampare <\/strong>gli articoli, <strong>copiare e distribuirne<\/strong> i contenuti e<strong> utilizzare il materiale<\/strong> per scopi non commerciali nel rispetto delle condizioni di licenza indicate di seguito. La rivista aderisce alla <a href=\"https:\/\/blog.doaj.org\/2020\/11\/17\/what-does-doaj-define-as-open-access\/\" type=\"link\" id=\"https:\/\/blog.doaj.org\/2020\/11\/17\/what-does-doaj-define-as-open-access\/\">definizione di accesso aperto di DOAJ<\/a><\/p>\n\n\n\n<h1 class=\"wp-block-heading\">Diritto di autore<\/h1>\n\n\n\n<p>Gli autori che pubblicano su <em>Quaderni di Pedagogia e pratiche educative<\/em> <strong>conservano la titolarit\u00e0 dei diritti d\u2019autore sui propri lavori<\/strong>, concedendo per\u00f2 alla rivista il <strong>diritto alla prima pubblicazione<\/strong>.<\/p>\n\n\n\n<p>I contributi sono resi disponibili con <strong>licenza Creative Commons<\/strong> <a href=\"https:\/\/creativecommons.org\/licenses\/by-nc-nd\/4.0\/deed.en\" type=\"link\" id=\"https:\/\/creativecommons.org\/licenses\/by-nc-sa\/4.0\/deed.en\">CC BY-NC-ND 4.0<\/a>, che permette la condivisione del materiale purch\u00e9 vengano sempre indicati correttamente autore e fonte, non se ne faccia un uso commerciale e le eventuali opere derivate siano distribuite con la stessa licenza.<\/p>\n\n\n\n<p>Gli autori dichiarano che:<\/p>\n\n\n\n<ul class=\"wp-block-list\">\n<li><strong>il lavoro \u00e8 originale<\/strong>, non \u00e8 stato pubblicato altrove n\u00e9 \u00e8 sottoposto contemporaneamente ad altre riviste;<\/li>\n\n\n\n<li>eventuali contenuti protetti da copyright (come immagini, tabelle o grafici) sono utilizzati con il consenso dei titolari dei diritti;<\/li>\n\n\n\n<li>il testo non viola diritti di terzi.<\/li>\n<\/ul>\n\n\n\n<p>La rivista si riserva la facolt\u00e0 di:<\/p>\n\n\n\n<ul class=\"wp-block-list\">\n<li>distribuire e conservare i contributi in banche dati, archivi digitali e repository istituzionali;<\/li>\n\n\n\n<li>promuovere e diffondere i contenuti attraverso canali accademici, digitali e social.<\/li>\n<\/ul>\n\n\n\n<p>Gli autori, dal canto loro, possono:<\/p>\n\n\n\n<ul class=\"wp-block-list\">\n<li>archiviare la versione pubblicata del proprio lavoro in repository istituzionali o personali (come Academia, Researchgate, Zenodo);<\/li>\n\n\n\n<li>condividere il PDF dell\u2019articolo, citando chiaramente la fonte originale (<em>Quaderni di Pedagogia e pratiche educative<\/em>).<\/li>\n<\/ul>\n\n\n\n<p>Licenza di utilizzo<\/p>\n\n\n\n<p>Tutti gli articoli sono pubblicati con licenza<br><a href=\"https:\/\/creativecommons.org\/licenses\/by-nc-sa\/4.0\/\" type=\"link\" id=\"https:\/\/creativecommons.org\/licenses\/by-nc-sa\/4.0\/\"><strong>Creative Commons Attribuzione \u2013 Non commerciale \u2013 Condividi allo stesso modo 4.0 Internazionale (CC BY-NC-SA 4.0)<\/strong>.<\/a><\/p>\n\n\n\n<p>Questa licenza consente a chiunque di condividere (riprodurre, distribuire, comunicare al pubblico) il materiale e di adattare (modificare, trasformare, sviluppare) il contenuto. Ci\u00f2 deve avvenire alle seguenti condizioni:<\/p>\n\n\n\n<ul class=\"wp-block-list\">\n<li><strong>Attribuzione (BY):<\/strong> deve essere sempre indicato l\u2019autore e la fonte originale;<\/li>\n\n\n\n<li><strong>Non commerciale (NC):<\/strong> non \u00e8 consentito l\u2019uso a fini commerciali;<\/li>\n\n\n\n<li><strong>Condividi allo stesso modo (SA):<\/strong> eventuali opere derivate devono essere distribuite con la stessa licenza.<\/li>\n<\/ul>\n\n\n\n<h2 class=\"wp-block-heading\">Politica di archiviazione<\/h2>\n\n\n\n<p>Gli articoli sono depositati sia sul sito internet della rivista che in Zenodo.org come repository istituzionale<\/p>\n<div class=\"sharing-default-minimal post-bottom\"><div class=\"nectar-social default\" data-position=\"\" data-rm-love=\"0\" data-color-override=\"override\"><div class=\"nectar-social-inner\"><a href=\"#\" class=\"nectar-love\" id=\"nectar-love-3485\" title=\"Love this\"> <i class=\"icon-salient-heart-2\"><\/i><span class=\"love-text\">Love<\/span><span class=\"total_loves\"><span class=\"nectar-love-count\">0<\/span><\/span><\/a><a class='facebook-share nectar-sharing' href='#' title='Share this'> <i class='fa fa-facebook'><\/i> <span class='social-text'>Share<\/span> <\/a><a class='twitter-share nectar-sharing' href='#' title='Share this'> <i class='fa icon-salient-x-twitter'><\/i> <span class='social-text'>Share<\/span> <\/a><a class='linkedin-share nectar-sharing' href='#' title='Share this'> <i class='fa fa-linkedin'><\/i> <span class='social-text'>Share<\/span> <\/a><a class='pinterest-share nectar-sharing' href='#' title='Pin this'> <i class='fa fa-pinterest'><\/i> <span class='social-text'>Pin<\/span> <\/a><\/div><\/div><\/div>","protected":false},"excerpt":{"rendered":"<p>Diritti degli utenti (accesso aperto) Quaderni di Pedagogia e pratiche educative \u00e8 una rivista ad accesso aperto (open access).Tutti i contenuti sono disponibili gratuitamente senza barriere economiche o tecniche. Gli utenti possono leggere, scaricare e stampare gli articoli, copiare e distribuirne i contenuti e utilizzare il materiale per scopi non commerciali nel rispetto delle condizioni [&hellip;]<\/p>\n","protected":false},"author":1,"featured_media":3486,"parent":0,"menu_order":0,"comment_status":"closed","ping_status":"closed","template":"","meta":{"footnotes":""},"class_list":["post-3485","page","type-page","status-publish","has-post-thumbnail","hentry"],"yoast_head":"<!-- This site is optimized with the Yoast SEO plugin v27.5 - https:\/\/yoast.com\/product\/yoast-seo-wordpress\/ -->\n<title>Politica di accesso aperto, copyright e licenze - Quaderni di pedagogia e pratiche educative<\/title>\n<meta name=\"robots\" content=\"index, follow, max-snippet:-1, max-image-preview:large, max-video-preview:-1\" \/>\n<link rel=\"canonical\" href=\"https:\/\/www.quadernidipedagogia.it\/en\/politica-in-relazione-al-diritto-di-autore-pedagogia\/\" \/>\n<meta property=\"og:locale\" content=\"en_GB\" \/>\n<meta property=\"og:type\" content=\"article\" \/>\n<meta property=\"og:title\" content=\"Politica di accesso aperto, copyright e licenze - Quaderni di pedagogia e pratiche educative\" \/>\n<meta property=\"og:description\" content=\"Diritti degli utenti (accesso aperto) Quaderni di Pedagogia e pratiche educative \u00e8 una rivista ad accesso aperto (open access).Tutti i contenuti sono disponibili gratuitamente senza barriere economiche o tecniche. Gli utenti possono leggere, scaricare e stampare gli articoli, copiare e distribuirne i contenuti e utilizzare il materiale per scopi non commerciali nel rispetto delle condizioni [&hellip;]\" \/>\n<meta property=\"og:url\" content=\"https:\/\/www.quadernidipedagogia.it\/en\/politica-in-relazione-al-diritto-di-autore-pedagogia\/\" \/>\n<meta property=\"og:site_name\" content=\"Quaderni di pedagogia e pratiche educative\" \/>\n<meta property=\"article:publisher\" content=\"https:\/\/www.facebook.com\/OfficialPageAPEI\/\" \/>\n<meta property=\"article:modified_time\" content=\"2026-04-27T21:19:02+00:00\" \/>\n<meta property=\"og:image\" content=\"https:\/\/www.quadernidipedagogia.it\/wp-content\/uploads\/2026\/04\/ebf672fc-a87b-46ac-8484-63dcaefe90f8-1024x683.png\" \/>\n\t<meta property=\"og:image:width\" content=\"1024\" \/>\n\t<meta property=\"og:image:height\" content=\"683\" \/>\n\t<meta property=\"og:image:type\" content=\"image\/png\" \/>\n<meta name=\"twitter:card\" content=\"summary_large_image\" \/>\n<meta name=\"twitter:label1\" content=\"Estimated reading time\" \/>\n\t<meta name=\"twitter:data1\" content=\"3 minutes\" \/>\n<!-- \/ Yoast SEO plugin. -->","yoast_head_json":{"title":"Politica di accesso aperto, copyright e licenze - Quaderni di pedagogia e pratiche educative","robots":{"index":"index","follow":"follow","max-snippet":"max-snippet:-1","max-image-preview":"max-image-preview:large","max-video-preview":"max-video-preview:-1"},"canonical":"https:\/\/www.quadernidipedagogia.it\/en\/politica-in-relazione-al-diritto-di-autore-pedagogia\/","og_locale":"en_GB","og_type":"article","og_title":"Politica di accesso aperto, copyright e licenze - Quaderni di pedagogia e pratiche educative","og_description":"Diritti degli utenti (accesso aperto) Quaderni di Pedagogia e pratiche educative \u00e8 una rivista ad accesso aperto (open access).Tutti i contenuti sono disponibili gratuitamente senza barriere economiche o tecniche. Gli utenti possono leggere, scaricare e stampare gli articoli, copiare e distribuirne i contenuti e utilizzare il materiale per scopi non commerciali nel rispetto delle condizioni [&hellip;]","og_url":"https:\/\/www.quadernidipedagogia.it\/en\/politica-in-relazione-al-diritto-di-autore-pedagogia\/","og_site_name":"Quaderni di pedagogia e pratiche educative","article_publisher":"https:\/\/www.facebook.com\/OfficialPageAPEI\/","article_modified_time":"2026-04-27T21:19:02+00:00","og_image":[{"width":1024,"height":683,"url":"https:\/\/www.quadernidipedagogia.it\/wp-content\/uploads\/2026\/04\/ebf672fc-a87b-46ac-8484-63dcaefe90f8-1024x683.png","type":"image\/png"}],"twitter_card":"summary_large_image","twitter_misc":{"Estimated reading time":"3 minutes"},"schema":{"@context":"https:\/\/schema.org","@graph":[{"@type":"WebPage","@id":"https:\/\/www.quadernidipedagogia.it\/politica-in-relazione-al-diritto-di-autore-pedagogia\/","url":"https:\/\/www.quadernidipedagogia.it\/politica-in-relazione-al-diritto-di-autore-pedagogia\/","name":"Politica di accesso aperto, copyright e licenze - Quaderni di pedagogia e pratiche educative","isPartOf":{"@id":"https:\/\/www.quadernidipedagogia.it\/#website"},"primaryImageOfPage":{"@id":"https:\/\/www.quadernidipedagogia.it\/politica-in-relazione-al-diritto-di-autore-pedagogia\/#primaryimage"},"image":{"@id":"https:\/\/www.quadernidipedagogia.it\/politica-in-relazione-al-diritto-di-autore-pedagogia\/#primaryimage"},"thumbnailUrl":"https:\/\/www.quadernidipedagogia.it\/wp-content\/uploads\/2026\/04\/ebf672fc-a87b-46ac-8484-63dcaefe90f8.png","datePublished":"2026-04-27T12:06:19+00:00","dateModified":"2026-04-27T21:19:02+00:00","breadcrumb":{"@id":"https:\/\/www.quadernidipedagogia.it\/politica-in-relazione-al-diritto-di-autore-pedagogia\/#breadcrumb"},"inLanguage":"en-GB","potentialAction":[{"@type":"ReadAction","target":["https:\/\/www.quadernidipedagogia.it\/politica-in-relazione-al-diritto-di-autore-pedagogia\/"]}]},{"@type":"ImageObject","inLanguage":"en-GB","@id":"https:\/\/www.quadernidipedagogia.it\/politica-in-relazione-al-diritto-di-autore-pedagogia\/#primaryimage","url":"https:\/\/www.quadernidipedagogia.it\/wp-content\/uploads\/2026\/04\/ebf672fc-a87b-46ac-8484-63dcaefe90f8.png","contentUrl":"https:\/\/www.quadernidipedagogia.it\/wp-content\/uploads\/2026\/04\/ebf672fc-a87b-46ac-8484-63dcaefe90f8.png","width":1536,"height":1024},{"@type":"BreadcrumbList","@id":"https:\/\/www.quadernidipedagogia.it\/politica-in-relazione-al-diritto-di-autore-pedagogia\/#breadcrumb","itemListElement":[{"@type":"ListItem","position":1,"name":"Home","item":"https:\/\/www.quadernidipedagogia.it\/"},{"@type":"ListItem","position":2,"name":"Politica di accesso aperto, copyright e licenze"}]},{"@type":"WebSite","@id":"https:\/\/www.quadernidipedagogia.it\/#website","url":"https:\/\/www.quadernidipedagogia.it\/","name":"Quaderni di pedagogia e pratiche educative","description":"Quaderni di pedagogia e pratiche educative","publisher":{"@id":"https:\/\/www.quadernidipedagogia.it\/#organization"},"alternateName":"Quaderni di pedagogia","potentialAction":[{"@type":"SearchAction","target":{"@type":"EntryPoint","urlTemplate":"https:\/\/www.quadernidipedagogia.it\/?s={search_term_string}"},"query-input":{"@type":"PropertyValueSpecification","valueRequired":true,"valueName":"search_term_string"}}],"inLanguage":"en-GB"},{"@type":"Organization","@id":"https:\/\/www.quadernidipedagogia.it\/#organization","name":"Quaderni di pedagogia e pratiche educative","url":"https:\/\/www.quadernidipedagogia.it\/","logo":{"@type":"ImageObject","inLanguage":"en-GB","@id":"https:\/\/www.quadernidipedagogia.it\/#\/schema\/logo\/image\/","url":"https:\/\/www.quadernidipedagogia.it\/wp-content\/uploads\/2025\/06\/one-day-one-page-4.png","contentUrl":"https:\/\/www.quadernidipedagogia.it\/wp-content\/uploads\/2025\/06\/one-day-one-page-4.png","width":2000,"height":728,"caption":"Quaderni di pedagogia e pratiche educative"},"image":{"@id":"https:\/\/www.quadernidipedagogia.it\/#\/schema\/logo\/image\/"},"sameAs":["https:\/\/www.facebook.com\/OfficialPageAPEI\/"]}]}},"_links":{"self":[{"href":"https:\/\/www.quadernidipedagogia.it\/en\/wp-json\/wp\/v2\/pages\/3485","targetHints":{"allow":["GET"]}}],"collection":[{"href":"https:\/\/www.quadernidipedagogia.it\/en\/wp-json\/wp\/v2\/pages"}],"about":[{"href":"https:\/\/www.quadernidipedagogia.it\/en\/wp-json\/wp\/v2\/types\/page"}],"author":[{"embeddable":true,"href":"https:\/\/www.quadernidipedagogia.it\/en\/wp-json\/wp\/v2\/users\/1"}],"replies":[{"embeddable":true,"href":"https:\/\/www.quadernidipedagogia.it\/en\/wp-json\/wp\/v2\/comments?post=3485"}],"version-history":[{"count":8,"href":"https:\/\/www.quadernidipedagogia.it\/en\/wp-json\/wp\/v2\/pages\/3485\/revisions"}],"predecessor-version":[{"id":3524,"href":"https:\/\/www.quadernidipedagogia.it\/en\/wp-json\/wp\/v2\/pages\/3485\/revisions\/3524"}],"wp:featuredmedia":[{"embeddable":true,"href":"https:\/\/www.quadernidipedagogia.it\/en\/wp-json\/wp\/v2\/media\/3486"}],"wp:attachment":[{"href":"https:\/\/www.quadernidipedagogia.it\/en\/wp-json\/wp\/v2\/media?parent=3485"}],"curies":[{"name":"wp","href":"https:\/\/api.w.org\/{rel}","templated":true}]}}